{"id":530,"date":"2024-09-03T10:56:44","date_gmt":"2024-09-03T08:56:44","guid":{"rendered":"https:\/\/personalfitness.lu\/danke-fuer-deine-anfrage\/"},"modified":"2025-07-04T13:34:31","modified_gmt":"2025-07-04T11:34:31","slug":"danke-fuer-deine-anfrage","status":"publish","type":"page","link":"https:\/\/personalfitness.lu\/lb-lu\/danke-fuer-deine-anfrage\/","title":{"rendered":"Merci fir \u00c4r Ufro"},"content":{"rendered":"\t\t<div data-elementor-type=\"wp-page\" data-elementor-id=\"530\" class=\"elementor elementor-530 elementor-278\" data-elementor-post-type=\"page\">\n\t\t\t\t<div class=\"elementor-element elementor-element-458fb67 e-flex e-con-boxed e-con e-parent\" data-id=\"458fb67\" data-element_type=\"container\" data-settings=\"{&quot;background_background&quot;:&quot;classic&quot;}\">\n\t\t\t\t\t<div class=\"e-con-inner\">\n\t\t\t\t<div class=\"elementor-element elementor-element-db07cd0 elementor-widget__width-initial elementor-widget elementor-widget-heading\" data-id=\"db07cd0\" data-element_type=\"widget\" data-widget_type=\"heading.default\">\n\t\t\t\t<div class=\"elementor-widget-container\">\n\t\t\t\t\t<h1 class=\"elementor-heading-title elementor-size-default\">Merci fir \u00c4r Noricht<\/h1>\t\t\t\t<\/div>\n\t\t\t\t<\/div>\n\t\t\t\t<div class=\"elementor-element elementor-element-0f10b52 elementor-widget__width-initial elementor-widget elementor-widget-text-editor\" data-id=\"0f10b52\" data-element_type=\"widget\" data-widget_type=\"text-editor.default\">\n\t\t\t\t<div class=\"elementor-widget-container\">\n\t\t\t\t\t\t\t\t\t<p>Villmools Merci fir \u00c4r Noricht an \u00c4ren Interessi. Mir m\u00ebllen eis esou s\u00e9ier w\u00e9i m\u00e9iglech bei Iech fir iwwer weider Detailer ze schw\u00ebtzen. <\/p>\t\t\t\t\t\t\t\t<\/div>\n\t\t\t\t<\/div>\n\t\t\t\t<div class=\"elementor-element elementor-element-7e57817 elementor-widget elementor-widget-button\" data-id=\"7e57817\" data-element_type=\"widget\" data-widget_type=\"button.default\">\n\t\t\t\t<div class=\"elementor-widget-container\">\n\t\t\t\t\t\t\t\t\t<div class=\"elementor-button-wrapper\">\n\t\t\t\t\t<a class=\"elementor-button elementor-button-link elementor-size-sm\" href=\"https:\/\/personalfitness.lu\/lb-lu\/\">\n\t\t\t\t\t\t<span class=\"elementor-button-content-wrapper\">\n\t\t\t\t\t\t\t\t\t<span class=\"elementor-button-text\">Zer\u00e9ck op t'Starts\u00e4it<\/span>\n\t\t\t\t\t<\/span>\n\t\t\t\t\t<\/a>\n\t\t\t\t<\/div>\n\t\t\t\t\t\t\t\t<\/div>\n\t\t\t\t<\/div>\n\t\t\t\t\t<\/div>\n\t\t\t\t<\/div>\n\t\t\t\t<\/div>\n\t\t","protected":false},"excerpt":{"rendered":"<p>Merci fir \u00c4r Noricht Villmools Merci fir \u00c4r Noricht an \u00c4ren Interessi. Mir m\u00ebllen eis esou s\u00e9ier w\u00e9i m\u00e9iglech bei Iech fir iwwer weider Detailer ze schw\u00ebtzen. Zer\u00e9ck op t&#8217;Starts\u00e4it<\/p>\n","protected":false},"author":1,"featured_media":0,"parent":0,"menu_order":0,"comment_status":"closed","ping_status":"closed","template":"","meta":{"footnotes":""},"class_list":["post-530","page","type-page","status-publish","hentry"],"_links":{"self":[{"href":"https:\/\/personalfitness.lu\/lb-lu\/wp-json\/wp\/v2\/pages\/530","targetHints":{"allow":["GET"]}}],"collection":[{"href":"https:\/\/personalfitness.lu\/lb-lu\/wp-json\/wp\/v2\/pages"}],"about":[{"href":"https:\/\/personalfitness.lu\/lb-lu\/wp-json\/wp\/v2\/types\/page"}],"author":[{"embeddable":true,"href":"https:\/\/personalfitness.lu\/lb-lu\/wp-json\/wp\/v2\/users\/1"}],"replies":[{"embeddable":true,"href":"https:\/\/personalfitness.lu\/lb-lu\/wp-json\/wp\/v2\/comments?post=530"}],"version-history":[{"count":3,"href":"https:\/\/personalfitness.lu\/lb-lu\/wp-json\/wp\/v2\/pages\/530\/revisions"}],"predecessor-version":[{"id":1429,"href":"https:\/\/personalfitness.lu\/lb-lu\/wp-json\/wp\/v2\/pages\/530\/revisions\/1429"}],"wp:attachment":[{"href":"https:\/\/personalfitness.lu\/lb-lu\/wp-json\/wp\/v2\/media?parent=530"}],"curies":[{"name":"wp","href":"https:\/\/api.w.org\/{rel}","templated":true}]}}