{"id":529,"date":"2024-09-09T16:07:25","date_gmt":"2024-09-09T14:07:25","guid":{"rendered":"https:\/\/personalfitness.lu\/impressum\/"},"modified":"2025-07-07T09:32:34","modified_gmt":"2025-07-07T07:32:34","slug":"impressum","status":"publish","type":"page","link":"https:\/\/personalfitness.lu\/lb-lu\/impressum\/","title":{"rendered":"Impressum"},"content":{"rendered":"\t\t<div data-elementor-type=\"wp-page\" data-elementor-id=\"529\" class=\"elementor elementor-529 elementor-389\" data-elementor-post-type=\"page\">\n\t\t\t\t<div class=\"elementor-element elementor-element-303aed1 e-flex e-con-boxed e-con e-parent\" data-id=\"303aed1\" data-element_type=\"container\" data-settings=\"{&quot;background_background&quot;:&quot;classic&quot;}\">\n\t\t\t\t\t<div class=\"e-con-inner\">\n\t\t\t\t<div class=\"elementor-element elementor-element-ded7f06 elementor-widget__width-initial elementor-widget elementor-widget-heading\" data-id=\"ded7f06\" data-element_type=\"widget\" data-widget_type=\"heading.default\">\n\t\t\t\t<div class=\"elementor-widget-container\">\n\t\t\t\t\t<h1 class=\"elementor-heading-title elementor-size-default\">Impressum<\/h1>\t\t\t\t<\/div>\n\t\t\t\t<\/div>\n\t\t\t\t<div class=\"elementor-element elementor-element-165b16c elementor-widget elementor-widget-text-editor\" data-id=\"165b16c\" data-element_type=\"widget\" data-widget_type=\"text-editor.default\">\n\t\t\t\t<div class=\"elementor-widget-container\">\n\t\t\t\t\t\t\t\t\t<p>DS Personal Fitness &amp; Nutrition s.a.r.l.<br>122, Rue Principale<br>5480 Wormeldange<\/p><p><strong>Vertreten durch:<\/strong><br>David Steffes<\/p><h4>Kontakt<\/h4><p>Telefon: +352 621 628 007<br>E-Mail: info@schwammen.lu<\/p><h4>Angaben zur Berufs\u00adhaftpflicht\u00adversicherung<\/h4><p><strong>Name und Sitz des Versicherers:<\/strong><br>Lalux<br>Rue Jean Fischbach 9<br>L-3372 Leudelange<\/p><p><strong>Geltungsraum der Versicherung:<\/strong><br>Luxemburg<\/p><h4>EU-Streitschlichtung<\/h4><p>Die Europ\u00e4ische Kommission stellt eine Plattform zur Online-Streitbeilegung (OS) bereit: <a href=\"https:\/\/ec.europa.eu\/consumers\/odr\/\" target=\"_blank\" rel=\"noopener noreferrer\"><span style=\"text-decoration: underline;\">https:\/\/ec.europa.eu\/consumers\/odr\/<\/span><\/a>.<br>Unsere E-Mail-Adresse finden Sie oben im Impressum.<\/p><h4>Verbraucher\u00adstreit\u00adbeilegung\/Universal\u00adschlichtungs\u00adstelle<\/h4><p>Wir sind nicht bereit oder verpflichtet, an Streitbeilegungsverfahren vor einer Verbraucherschlichtungsstelle teilzunehmen.<\/p><h4>Urheberrecht<\/h4><p>S\u00e4mtliche auf dieser Webseite erstellten Inhalte und Werke unterliegen dem deutschen Urheberrecht. Insbesondere das Herunterladen oder Ausdrucken einzelner Seiten und\/oder Teilbereiche dieser Webseite, soweit es nicht ausdr\u00fccklich gestattet ist, sowie das vollst\u00e4ndige oder teilweise Reproduzieren, Verbreiten, \u00dcbermitteln (elektronisch oder auf andere Weise), Modifizieren oder Benutzen dieser Webseite f\u00fcr nicht ausschlie\u00dflich private Zwecke ist ohne eine vorherige schriftliche Zustimmung nicht erlaubt. <\/p><p>Soweit die Inhalte auf dieser Seite nicht von mir erstellt wurden, werden die Urheberrechte Dritter beachtet. Insbesondere werden Inhalte Dritter als solche gekennzeichnet. Sollten Sie trotzdem auf eine Urheberrechtsverletzung aufmerksam werden, bitte ich um einen entsprechenden Hinweis. Bei Bekanntwerden von Rechtsverletzungen werden wir derartige Inhalte umgehend entfernen.   <\/p><h4>Gestaltung &amp; Fotos<\/h4><p>Fotografie:<br>Webdesign &amp; Gestaltung: <span style=\"text-decoration: underline;\"><span style=\"color: #000000;\"><a style=\"color: #000000; text-decoration: underline;\" href=\"http:\/\/anna-drews.de\" target=\"_blank\" rel=\"noopener\">Anna Drews<\/a><br><\/span><\/span>Logo Design: <span style=\"text-decoration: underline; color: #000000;\"><a style=\"color: #000000; text-decoration: underline;\" href=\"http:\/\/crea-factory.de\" target=\"_blank\" rel=\"noopener\">CreaFactory<\/a><\/span><\/p><p>Copyright \u00a9 2025 David Steffes \u2013 Alle Rechte vorbehalten<\/p>\t\t\t\t\t\t\t\t<\/div>\n\t\t\t\t<\/div>\n\t\t\t\t\t<\/div>\n\t\t\t\t<\/div>\n\t\t\t\t<\/div>\n\t\t","protected":false},"excerpt":{"rendered":"<p>Impressum DS Personal Fitness &amp; Nutrition s.a.r.l.122, Rue Principale5480 Wormeldange Vertreten durch:David Steffes Kontakt Telefon: +352 621 628 007E-Mail: info@schwammen.lu Angaben zur Berufs\u00adhaftpflicht\u00adversicherung Name und Sitz des Versicherers:LaluxRue Jean Fischbach 9L-3372 Leudelange Geltungsraum der Versicherung:Luxemburg EU-Streitschlichtung Die Europ\u00e4ische Kommission stellt eine Plattform zur Online-Streitbeilegung (OS) bereit: https:\/\/ec.europa.eu\/consumers\/odr\/.Unsere E-Mail-Adresse finden Sie oben im Impressum. Verbraucher\u00adstreit\u00adbeilegung\/Universal\u00adschlichtungs\u00adstelle Wir [&hellip;]<\/p>\n","protected":false},"author":1,"featured_media":0,"parent":0,"menu_order":0,"comment_status":"closed","ping_status":"closed","template":"","meta":{"footnotes":""},"class_list":["post-529","page","type-page","status-publish","hentry"],"_links":{"self":[{"href":"https:\/\/personalfitness.lu\/lb-lu\/wp-json\/wp\/v2\/pages\/529","targetHints":{"allow":["GET"]}}],"collection":[{"href":"https:\/\/personalfitness.lu\/lb-lu\/wp-json\/wp\/v2\/pages"}],"about":[{"href":"https:\/\/personalfitness.lu\/lb-lu\/wp-json\/wp\/v2\/types\/page"}],"author":[{"embeddable":true,"href":"https:\/\/personalfitness.lu\/lb-lu\/wp-json\/wp\/v2\/users\/1"}],"replies":[{"embeddable":true,"href":"https:\/\/personalfitness.lu\/lb-lu\/wp-json\/wp\/v2\/comments?post=529"}],"version-history":[{"count":7,"href":"https:\/\/personalfitness.lu\/lb-lu\/wp-json\/wp\/v2\/pages\/529\/revisions"}],"predecessor-version":[{"id":1491,"href":"https:\/\/personalfitness.lu\/lb-lu\/wp-json\/wp\/v2\/pages\/529\/revisions\/1491"}],"wp:attachment":[{"href":"https:\/\/personalfitness.lu\/lb-lu\/wp-json\/wp\/v2\/media?parent=529"}],"curies":[{"name":"wp","href":"https:\/\/api.w.org\/{rel}","templated":true}]}}