{"id":548,"date":"2024-09-09T16:07:25","date_gmt":"2024-09-09T14:07:25","guid":{"rendered":"https:\/\/personalfitness.lu\/mentions-legales\/"},"modified":"2025-07-07T09:31:48","modified_gmt":"2025-07-07T07:31:48","slug":"mentions-legales","status":"publish","type":"page","link":"https:\/\/personalfitness.lu\/fr\/mentions-legales\/","title":{"rendered":"Mentions l\u00e9gales"},"content":{"rendered":"\t\t<div data-elementor-type=\"wp-page\" data-elementor-id=\"548\" class=\"elementor elementor-548 elementor-389\" data-elementor-post-type=\"page\">\n\t\t\t\t<div class=\"elementor-element elementor-element-303aed1 e-flex e-con-boxed e-con e-parent\" data-id=\"303aed1\" data-element_type=\"container\" data-settings=\"{&quot;background_background&quot;:&quot;classic&quot;}\">\n\t\t\t\t\t<div class=\"e-con-inner\">\n\t\t\t\t<div class=\"elementor-element elementor-element-ded7f06 elementor-widget__width-initial elementor-widget elementor-widget-heading\" data-id=\"ded7f06\" data-element_type=\"widget\" data-widget_type=\"heading.default\">\n\t\t\t\t<div class=\"elementor-widget-container\">\n\t\t\t\t\t<h1 class=\"elementor-heading-title elementor-size-default\">Mentions l\u00e9gales<\/h1>\t\t\t\t<\/div>\n\t\t\t\t<\/div>\n\t\t\t\t<div class=\"elementor-element elementor-element-165b16c elementor-widget elementor-widget-text-editor\" data-id=\"165b16c\" data-element_type=\"widget\" data-widget_type=\"text-editor.default\">\n\t\t\t\t<div class=\"elementor-widget-container\">\n\t\t\t\t\t\t\t\t\t<p>DS Personal Fitness &amp; Nutrition s.a.r.l.<br>122, Rue Principale<br>5480 Wormeldange<\/p><p><strong>Repr\u00e9sent\u00e9 par :<\/strong><br>David Steffes<\/p><h4>Contact<\/h4><p>T\u00e9l\u00e9phone : +352 621 628 007<br>E-mail : info@personalfitness.lu<\/p><h4>Informations sur l&rsquo;assurance responsabilit\u00e9 civile professionnelle<\/h4><p><strong>Nom et si\u00e8ge de l&rsquo;assureur :<\/strong><br>Lalux<br>Rue Jean Fischbach 9<br>L-3372 Leudelange<\/p><p><strong>Zone de couverture de l&rsquo;assurance :<\/strong><br>Luxembourg<\/p><h4>R\u00e8glement des litiges de l&rsquo;UE<\/h4><p>La Commission europ\u00e9enne met \u00e0 disposition une plateforme de r\u00e8glement en ligne des litiges (RLL) : <a href=\"https:\/\/ec.europa.eu\/consumers\/odr\/\" target=\"_blank\" rel=\"noopener noreferrer\"><span style=\"text-decoration: underline;\">https:\/\/ec.europa.eu\/consumers\/odr\/<\/span><\/a>.<br>Vous trouverez notre adresse \u00e9lectronique dans les mentions l\u00e9gales ci-dessus.<\/p><h4>R\u00e8glement des litiges de consommation\/organe universel de conciliation<\/h4><p>Nous ne sommes pas dispos\u00e9s ou oblig\u00e9s de participer \u00e0 des proc\u00e9dures de r\u00e8glement des litiges devant un organisme de conciliation des consommateurs.<\/p><h4>Droit d&rsquo;auteur<\/h4><p>L&rsquo;ensemble des contenus et des \u0153uvres cr\u00e9\u00e9s sur ce site Internet sont soumis au droit d&rsquo;auteur allemand. En particulier, le t\u00e9l\u00e9chargement ou l&rsquo;impression de pages individuelles et\/ou de parties de ce site web, dans la mesure o\u00f9 ils ne sont pas express\u00e9ment autoris\u00e9s, ainsi que la reproduction, la diffusion, la transmission (\u00e9lectronique ou autre), la modification ou l&rsquo;utilisation compl\u00e8tes ou partielles de ce site web \u00e0 des fins non exclusivement priv\u00e9es, ne sont pas autoris\u00e9s sans accord \u00e9crit pr\u00e9alable. <\/p><p>Dans la mesure o\u00f9 les contenus de ce site n&rsquo;ont pas \u00e9t\u00e9 cr\u00e9\u00e9s par moi, les droits d&rsquo;auteur de tiers sont respect\u00e9s. En particulier, les contenus de tiers sont identifi\u00e9s comme tels. Si vous constatez n\u00e9anmoins une violation des droits d&rsquo;auteur, je vous prie de me le signaler. D\u00e8s que nous aurons connaissance d&rsquo;une violation de la loi, nous supprimerons imm\u00e9diatement le contenu en question.   <\/p><h4>Conception &amp; photos<\/h4><p>Photographie :<br>Webdesign &amp; Design : <span style=\"text-decoration: underline;\"><span style=\"color: #000000;\"><a style=\"color: #000000; text-decoration: underline;\" href=\"http:\/\/anna-drews.de\" target=\"_blank\" rel=\"noopener\">Anna Drews<\/a><br><\/span><\/span>Conception du logo : <span style=\"text-decoration: underline; color: #000000;\"><a style=\"color: #000000; text-decoration: underline;\" href=\"http:\/\/crea-factory.de\" target=\"_blank\" rel=\"noopener\">CreaFactory<\/a><\/span><\/p><p>Copyright \u00a9 2024 David Steffes &#8211; Tous droits r\u00e9serv\u00e9s<\/p>\t\t\t\t\t\t\t\t<\/div>\n\t\t\t\t<\/div>\n\t\t\t\t\t<\/div>\n\t\t\t\t<\/div>\n\t\t\t\t<\/div>\n\t\t","protected":false},"excerpt":{"rendered":"<p>Mentions l\u00e9gales DS Personal Fitness &amp; Nutrition s.a.r.l.122, Rue Principale5480 Wormeldange Repr\u00e9sent\u00e9 par :David Steffes Contact T\u00e9l\u00e9phone : +352 621 628 007E-mail : info@personalfitness.lu Informations sur l&rsquo;assurance responsabilit\u00e9 civile professionnelle Nom et si\u00e8ge de l&rsquo;assureur :LaluxRue Jean Fischbach 9L-3372 Leudelange Zone de couverture de l&rsquo;assurance :Luxembourg R\u00e8glement des litiges de l&rsquo;UE La Commission europ\u00e9enne met [&hellip;]<\/p>\n","protected":false},"author":1,"featured_media":0,"parent":0,"menu_order":0,"comment_status":"closed","ping_status":"closed","template":"","meta":{"footnotes":""},"class_list":["post-548","page","type-page","status-publish","hentry"],"_links":{"self":[{"href":"https:\/\/personalfitness.lu\/fr\/wp-json\/wp\/v2\/pages\/548","targetHints":{"allow":["GET"]}}],"collection":[{"href":"https:\/\/personalfitness.lu\/fr\/wp-json\/wp\/v2\/pages"}],"about":[{"href":"https:\/\/personalfitness.lu\/fr\/wp-json\/wp\/v2\/types\/page"}],"author":[{"embeddable":true,"href":"https:\/\/personalfitness.lu\/fr\/wp-json\/wp\/v2\/users\/1"}],"replies":[{"embeddable":true,"href":"https:\/\/personalfitness.lu\/fr\/wp-json\/wp\/v2\/comments?post=548"}],"version-history":[{"count":3,"href":"https:\/\/personalfitness.lu\/fr\/wp-json\/wp\/v2\/pages\/548\/revisions"}],"predecessor-version":[{"id":1490,"href":"https:\/\/personalfitness.lu\/fr\/wp-json\/wp\/v2\/pages\/548\/revisions\/1490"}],"wp:attachment":[{"href":"https:\/\/personalfitness.lu\/fr\/wp-json\/wp\/v2\/media?parent=548"}],"curies":[{"name":"wp","href":"https:\/\/api.w.org\/{rel}","templated":true}]}}