{"id":538,"date":"2024-09-03T10:56:44","date_gmt":"2024-09-03T08:56:44","guid":{"rendered":"https:\/\/personalfitness.lu\/merci-pour-votre-demande\/"},"modified":"2025-07-04T13:00:56","modified_gmt":"2025-07-04T11:00:56","slug":"merci-pour-votre-demande","status":"publish","type":"page","link":"https:\/\/personalfitness.lu\/fr\/merci-pour-votre-demande\/","title":{"rendered":"Merci pour votre demande"},"content":{"rendered":"\t\t<div data-elementor-type=\"wp-page\" data-elementor-id=\"538\" class=\"elementor elementor-538 elementor-278\" data-elementor-post-type=\"page\">\n\t\t\t\t<div class=\"elementor-element elementor-element-458fb67 e-flex e-con-boxed e-con e-parent\" data-id=\"458fb67\" data-element_type=\"container\" data-settings=\"{&quot;background_background&quot;:&quot;classic&quot;}\">\n\t\t\t\t\t<div class=\"e-con-inner\">\n\t\t\t\t<div class=\"elementor-element elementor-element-db07cd0 elementor-widget__width-initial elementor-widget elementor-widget-heading\" data-id=\"db07cd0\" data-element_type=\"widget\" data-widget_type=\"heading.default\">\n\t\t\t\t<div class=\"elementor-widget-container\">\n\t\t\t\t\t<h1 class=\"elementor-heading-title elementor-size-default\">Merci pour votre message.<\/h1>\t\t\t\t<\/div>\n\t\t\t\t<\/div>\n\t\t\t\t<div class=\"elementor-element elementor-element-0f10b52 elementor-widget__width-initial elementor-widget elementor-widget-text-editor\" data-id=\"0f10b52\" data-element_type=\"widget\" data-widget_type=\"text-editor.default\">\n\t\t\t\t<div class=\"elementor-widget-container\">\n\t\t\t\t\t\t\t\t\t<p>Merci de votre int\u00e9r\u00eat et de votre message. Je vous contacterai d\u00e8s que possible pour discuter de la suite. <\/p>\t\t\t\t\t\t\t\t<\/div>\n\t\t\t\t<\/div>\n\t\t\t\t<div class=\"elementor-element elementor-element-7e57817 elementor-widget elementor-widget-button\" data-id=\"7e57817\" data-element_type=\"widget\" data-widget_type=\"button.default\">\n\t\t\t\t<div class=\"elementor-widget-container\">\n\t\t\t\t\t\t\t\t\t<div class=\"elementor-button-wrapper\">\n\t\t\t\t\t<a class=\"elementor-button elementor-button-link elementor-size-sm\" href=\"https:\/\/personalfitness.lu\/fr\/\">\n\t\t\t\t\t\t<span class=\"elementor-button-content-wrapper\">\n\t\t\t\t\t\t\t\t\t<span class=\"elementor-button-text\">Retour \u00e0 la page d'accueil<\/span>\n\t\t\t\t\t<\/span>\n\t\t\t\t\t<\/a>\n\t\t\t\t<\/div>\n\t\t\t\t\t\t\t\t<\/div>\n\t\t\t\t<\/div>\n\t\t\t\t\t<\/div>\n\t\t\t\t<\/div>\n\t\t\t\t<\/div>\n\t\t","protected":false},"excerpt":{"rendered":"<p>Merci pour votre message. Merci de votre int\u00e9r\u00eat et de votre message. Je vous contacterai d\u00e8s que possible pour discuter de la suite. Retour \u00e0 la page d&rsquo;accueil<\/p>\n","protected":false},"author":1,"featured_media":0,"parent":0,"menu_order":0,"comment_status":"closed","ping_status":"closed","template":"","meta":{"footnotes":""},"class_list":["post-538","page","type-page","status-publish","hentry"],"_links":{"self":[{"href":"https:\/\/personalfitness.lu\/fr\/wp-json\/wp\/v2\/pages\/538","targetHints":{"allow":["GET"]}}],"collection":[{"href":"https:\/\/personalfitness.lu\/fr\/wp-json\/wp\/v2\/pages"}],"about":[{"href":"https:\/\/personalfitness.lu\/fr\/wp-json\/wp\/v2\/types\/page"}],"author":[{"embeddable":true,"href":"https:\/\/personalfitness.lu\/fr\/wp-json\/wp\/v2\/users\/1"}],"replies":[{"embeddable":true,"href":"https:\/\/personalfitness.lu\/fr\/wp-json\/wp\/v2\/comments?post=538"}],"version-history":[{"count":5,"href":"https:\/\/personalfitness.lu\/fr\/wp-json\/wp\/v2\/pages\/538\/revisions"}],"predecessor-version":[{"id":1422,"href":"https:\/\/personalfitness.lu\/fr\/wp-json\/wp\/v2\/pages\/538\/revisions\/1422"}],"wp:attachment":[{"href":"https:\/\/personalfitness.lu\/fr\/wp-json\/wp\/v2\/media?parent=538"}],"curies":[{"name":"wp","href":"https:\/\/api.w.org\/{rel}","templated":true}]}}